{"id":2,"date":"2024-03-01T10:22:41","date_gmt":"2024-03-01T10:22:41","guid":{"rendered":"https:\/\/jkztransportes.rkinformatika.online\/?page_id=2"},"modified":"2024-03-12T08:47:21","modified_gmt":"2024-03-12T08:47:21","slug":"inicio","status":"publish","type":"page","link":"https:\/\/jkztransportes.com\/eus\/","title":{"rendered":"Hasiera"},"content":{"rendered":"\t\t<div data-elementor-type=\"wp-page\" data-elementor-id=\"2\" class=\"elementor elementor-2\" data-elementor-post-type=\"page\">\n\t\t\t\t\t\t<section class=\"elementor-section elementor-top-section elementor-element elementor-element-d9254fb elementor-section-boxed elementor-section-height-default elementor-section-height-default\" data-id=\"d9254fb\" data-element_type=\"section\" data-e-type=\"section\" data-settings=\"{&quot;background_background&quot;:&quot;slideshow&quot;,&quot;background_slideshow_gallery&quot;:[{&quot;id&quot;:64,&quot;url&quot;:&quot;https:\\\/\\\/jkztransportes.com\\\/wp-content\\\/uploads\\\/2024\\\/03\\\/pre-owned-trucks-for-sale.jpg&quot;},{&quot;id&quot;:71,&quot;url&quot;:&quot;https:\\\/\\\/jkztransportes.com\\\/wp-content\\\/uploads\\\/2024\\\/03\\\/semi-truck-with-cargo-trailer-driving-on-highway-hauling-goods-in-evening-delivery-transportation.jpg&quot;},{&quot;id&quot;:72,&quot;url&quot;:&quot;https:\\\/\\\/jkztransportes.com\\\/wp-content\\\/uploads\\\/2024\\\/03\\\/semi-truck-on-the-route.jpg&quot;}],&quot;background_slideshow_loop&quot;:&quot;yes&quot;,&quot;background_slideshow_slide_duration&quot;:5000,&quot;background_slideshow_slide_transition&quot;:&quot;fade&quot;,&quot;background_slideshow_transition_duration&quot;:500}\">\n\t\t\t\t\t\t\t<div class=\"elementor-background-overlay\"><\/div>\n\t\t\t\t\t\t\t<div class=\"elementor-container elementor-column-gap-default\">\n\t\t\t\t\t<div class=\"elementor-column elementor-col-100 elementor-top-column elementor-element elementor-element-925b5a9\" data-id=\"925b5a9\" data-element_type=\"column\" data-e-type=\"column\">\n\t\t\t<div class=\"elementor-widget-wrap elementor-element-populated\">\n\t\t\t\t\t\t<div class=\"elementor-element elementor-element-38125ae elementor-widget-mobile__width-inherit elementor-invisible elementor-widget elementor-widget-heading\" data-id=\"38125ae\" data-element_type=\"widget\" data-e-type=\"widget\" data-settings=\"{&quot;_animation&quot;:&quot;fadeInUp&quot;,&quot;_animation_delay&quot;:150}\" data-widget_type=\"heading.default\">\n\t\t\t\t<div class=\"elementor-widget-container\">\n\t\t\t\t\t<h1 class=\"elementor-heading-title elementor-size-default\">Los mejores Servicios de Transportes por Carretera<\/h1>\t\t\t\t<\/div>\n\t\t\t\t<\/div>\n\t\t\t\t\t<\/div>\n\t\t<\/div>\n\t\t\t\t\t<\/div>\n\t\t<\/section>\n\t\t\t\t<section class=\"elementor-section elementor-top-section elementor-element elementor-element-55907b4 elementor-section-boxed elementor-section-height-default elementor-section-height-default\" data-id=\"55907b4\" data-element_type=\"section\" data-e-type=\"section\">\n\t\t\t\t\t\t<div class=\"elementor-container elementor-column-gap-default\">\n\t\t\t\t\t<div class=\"elementor-column elementor-col-50 elementor-top-column elementor-element elementor-element-359670f\" data-id=\"359670f\" data-element_type=\"column\" data-e-type=\"column\">\n\t\t\t<div class=\"elementor-widget-wrap elementor-element-populated\">\n\t\t\t\t\t\t<div class=\"elementor-element elementor-element-675deff elementor-invisible elementor-widget elementor-widget-heading\" data-id=\"675deff\" data-element_type=\"widget\" data-e-type=\"widget\" data-settings=\"{&quot;_animation&quot;:&quot;fadeInUp&quot;,&quot;_animation_delay&quot;:200}\" data-widget_type=\"heading.default\">\n\t\t\t\t<div class=\"elementor-widget-container\">\n\t\t\t\t\t<div class=\"elementor-heading-title elementor-size-default\">Sobre Nosotros<\/div>\t\t\t\t<\/div>\n\t\t\t\t<\/div>\n\t\t\t\t<div class=\"elementor-element elementor-element-32b278c elementor-invisible elementor-widget elementor-widget-heading\" data-id=\"32b278c\" data-element_type=\"widget\" data-e-type=\"widget\" data-settings=\"{&quot;_animation&quot;:&quot;fadeInUp&quot;,&quot;_animation_delay&quot;:300}\" data-widget_type=\"heading.default\">\n\t\t\t\t<div class=\"elementor-widget-container\">\n\t\t\t\t\t<h2 class=\"elementor-heading-title elementor-size-default\">Los mejores transportistas del sector.<\/h2>\t\t\t\t<\/div>\n\t\t\t\t<\/div>\n\t\t\t\t<div class=\"elementor-element elementor-element-5b44901 elementor-invisible elementor-widget elementor-widget-text-editor\" data-id=\"5b44901\" data-element_type=\"widget\" data-e-type=\"widget\" data-settings=\"{&quot;_animation&quot;:&quot;fadeInUp&quot;,&quot;_animation_delay&quot;:400}\" data-widget_type=\"text-editor.default\">\n\t\t\t\t<div class=\"elementor-widget-container\">\n\t\t\t\t\t\t\t\t\tTransportes Jon Kepa Zabala fue fundada en 1994 para proporcionar servicios a Fagor Estampaci\u00f3n. Durante estos a\u00f1os, hemos trabajado para varias empresas a tiempo completo y en proyectos puntuales. Contamos con una amplia gama de veh\u00edculos que incluyen furgonetas, camiones de 2 ejes, 3 ejes y remolques. Desde entonces, nos hemos expandido a nuevas \u00e1reas y hemos agregado m\u00e1s veh\u00edculos a nuestra flota, permiti\u00e9ndonos brindar un servicio a\u00fan m\u00e1s completo. Nos enorgullecemos de nuestro compromiso con la satisfacci\u00f3n del cliente y seguimos trabajando duro para mantenernos a la vanguardia de la industria del transporte.\t\t\t\t\t\t\t\t<\/div>\n\t\t\t\t<\/div>\n\t\t\t\t<div class=\"elementor-element elementor-element-b8d984c elementor-widget__width-initial elementor-view-default elementor-position-block-start elementor-mobile-position-block-start elementor-widget elementor-widget-icon-box\" data-id=\"b8d984c\" data-element_type=\"widget\" data-e-type=\"widget\" data-widget_type=\"icon-box.default\">\n\t\t\t\t<div class=\"elementor-widget-container\">\n\t\t\t\t\t\t\t<div class=\"elementor-icon-box-wrapper\">\n\n\t\t\t\t\t\t<div class=\"elementor-icon-box-icon\">\n\t\t\t\t<span  class=\"elementor-icon\">\n\t\t\t\t<svg aria-hidden=\"true\" class=\"e-font-icon-svg e-fas-truck\" viewBox=\"0 0 640 512\" xmlns=\"http:\/\/www.w3.org\/2000\/svg\"><path d=\"M624 352h-16V243.9c0-12.7-5.1-24.9-14.1-33.9L494 110.1c-9-9-21.2-14.1-33.9-14.1H416V48c0-26.5-21.5-48-48-48H48C21.5 0 0 21.5 0 48v320c0 26.5 21.5 48 48 48h16c0 53 43 96 96 96s96-43 96-96h128c0 53 43 96 96 96s96-43 96-96h48c8.8 0 16-7.2 16-16v-32c0-8.8-7.2-16-16-16zM160 464c-26.5 0-48-21.5-48-48s21.5-48 48-48 48 21.5 48 48-21.5 48-48 48zm320 0c-26.5 0-48-21.5-48-48s21.5-48 48-48 48 21.5 48 48-21.5 48-48 48zm80-208H416V144h44.1l99.9 99.9V256z\"><\/path><\/svg>\t\t\t\t<\/span>\n\t\t\t<\/div>\n\t\t\t\n\t\t\t\t\t\t<div class=\"elementor-icon-box-content\">\n\n\t\t\t\t\t\t\t\t\t<h3 class=\"elementor-icon-box-title\">\n\t\t\t\t\t\t<span  >\n\t\t\t\t\t\t\tAmplia gama de Veh\u00edculos\t\t\t\t\t\t<\/span>\n\t\t\t\t\t<\/h3>\n\t\t\t\t\n\t\t\t\t\n\t\t\t<\/div>\n\t\t\t\n\t\t<\/div>\n\t\t\t\t\t\t<\/div>\n\t\t\t\t<\/div>\n\t\t\t\t<div class=\"elementor-element elementor-element-81c9311 elementor-widget__width-initial elementor-view-default elementor-position-block-start elementor-mobile-position-block-start elementor-widget elementor-widget-icon-box\" data-id=\"81c9311\" data-element_type=\"widget\" data-e-type=\"widget\" data-widget_type=\"icon-box.default\">\n\t\t\t\t<div class=\"elementor-widget-container\">\n\t\t\t\t\t\t\t<div class=\"elementor-icon-box-wrapper\">\n\n\t\t\t\t\t\t<div class=\"elementor-icon-box-icon\">\n\t\t\t\t<span  class=\"elementor-icon\">\n\t\t\t\t<svg aria-hidden=\"true\" class=\"e-font-icon-svg e-fas-hands-helping\" viewBox=\"0 0 640 512\" xmlns=\"http:\/\/www.w3.org\/2000\/svg\"><path d=\"M488 192H336v56c0 39.7-32.3 72-72 72s-72-32.3-72-72V126.4l-64.9 39C107.8 176.9 96 197.8 96 220.2v47.3l-80 46.2C.7 322.5-4.6 342.1 4.3 357.4l80 138.6c8.8 15.3 28.4 20.5 43.7 11.7L231.4 448H368c35.3 0 64-28.7 64-64h16c17.7 0 32-14.3 32-32v-64h8c13.3 0 24-10.7 24-24v-48c0-13.3-10.7-24-24-24zm147.7-37.4L555.7 16C546.9.7 527.3-4.5 512 4.3L408.6 64H306.4c-12 0-23.7 3.4-33.9 9.7L239 94.6c-9.4 5.8-15 16.1-15 27.1V248c0 22.1 17.9 40 40 40s40-17.9 40-40v-88h184c30.9 0 56 25.1 56 56v28.5l80-46.2c15.3-8.9 20.5-28.4 11.7-43.7z\"><\/path><\/svg>\t\t\t\t<\/span>\n\t\t\t<\/div>\n\t\t\t\n\t\t\t\t\t\t<div class=\"elementor-icon-box-content\">\n\n\t\t\t\t\t\t\t\t\t<h3 class=\"elementor-icon-box-title\">\n\t\t\t\t\t\t<span  >\n\t\t\t\t\t\t\tConfianza\t\t\t\t\t\t<\/span>\n\t\t\t\t\t<\/h3>\n\t\t\t\t\n\t\t\t\t\n\t\t\t<\/div>\n\t\t\t\n\t\t<\/div>\n\t\t\t\t\t\t<\/div>\n\t\t\t\t<\/div>\n\t\t\t\t<div class=\"elementor-element elementor-element-e5db555 elementor-widget__width-initial elementor-view-default elementor-position-block-start elementor-mobile-position-block-start elementor-widget elementor-widget-icon-box\" data-id=\"e5db555\" data-element_type=\"widget\" data-e-type=\"widget\" data-widget_type=\"icon-box.default\">\n\t\t\t\t<div class=\"elementor-widget-container\">\n\t\t\t\t\t\t\t<div class=\"elementor-icon-box-wrapper\">\n\n\t\t\t\t\t\t<div class=\"elementor-icon-box-icon\">\n\t\t\t\t<span  class=\"elementor-icon\">\n\t\t\t\t<svg aria-hidden=\"true\" class=\"e-font-icon-svg e-fas-user-check\" viewBox=\"0 0 640 512\" xmlns=\"http:\/\/www.w3.org\/2000\/svg\"><path d=\"M224 256c70.7 0 128-57.3 128-128S294.7 0 224 0 96 57.3 96 128s57.3 128 128 128zm89.6 32h-16.7c-22.2 10.2-46.9 16-72.9 16s-50.6-5.8-72.9-16h-16.7C60.2 288 0 348.2 0 422.4V464c0 26.5 21.5 48 48 48h352c26.5 0 48-21.5 48-48v-41.6c0-74.2-60.2-134.4-134.4-134.4zm323-128.4l-27.8-28.1c-4.6-4.7-12.1-4.7-16.8-.1l-104.8 104-45.5-45.8c-4.6-4.7-12.1-4.7-16.8-.1l-28.1 27.9c-4.7 4.6-4.7 12.1-.1 16.8l81.7 82.3c4.6 4.7 12.1 4.7 16.8.1l141.3-140.2c4.6-4.7 4.7-12.2.1-16.8z\"><\/path><\/svg>\t\t\t\t<\/span>\n\t\t\t<\/div>\n\t\t\t\n\t\t\t\t\t\t<div class=\"elementor-icon-box-content\">\n\n\t\t\t\t\t\t\t\t\t<h3 class=\"elementor-icon-box-title\">\n\t\t\t\t\t\t<span  >\n\t\t\t\t\t\t\tProfesionalidad\t\t\t\t\t\t<\/span>\n\t\t\t\t\t<\/h3>\n\t\t\t\t\n\t\t\t\t\n\t\t\t<\/div>\n\t\t\t\n\t\t<\/div>\n\t\t\t\t\t\t<\/div>\n\t\t\t\t<\/div>\n\t\t\t\t\t<\/div>\n\t\t<\/div>\n\t\t\t\t<div class=\"elementor-column elementor-col-50 elementor-top-column elementor-element elementor-element-e7b52af\" data-id=\"e7b52af\" data-element_type=\"column\" data-e-type=\"column\">\n\t\t\t<div class=\"elementor-widget-wrap elementor-element-populated\">\n\t\t\t\t\t\t<div class=\"elementor-element elementor-element-ab288e3 elementor-widget elementor-widget-image\" data-id=\"ab288e3\" data-element_type=\"widget\" data-e-type=\"widget\" data-widget_type=\"image.default\">\n\t\t\t\t<div class=\"elementor-widget-container\">\n\t\t\t\t\t\t\t\t\t\t\t\t\t\t\t<img fetchpriority=\"high\" decoding=\"async\" width=\"800\" height=\"450\" src=\"https:\/\/jkztransportes.com\/wp-content\/uploads\/2024\/03\/IMG-20210301-WA0003-Jon-Kepa-Zabalab-1024x576.jpg\" class=\"attachment-large size-large wp-image-73\" alt=\"\" srcset=\"https:\/\/jkztransportes.com\/wp-content\/uploads\/2024\/03\/IMG-20210301-WA0003-Jon-Kepa-Zabalab-1024x576.jpg 1024w, https:\/\/jkztransportes.com\/wp-content\/uploads\/2024\/03\/IMG-20210301-WA0003-Jon-Kepa-Zabalab-300x169.jpg 300w, https:\/\/jkztransportes.com\/wp-content\/uploads\/2024\/03\/IMG-20210301-WA0003-Jon-Kepa-Zabalab-768x432.jpg 768w, https:\/\/jkztransportes.com\/wp-content\/uploads\/2024\/03\/IMG-20210301-WA0003-Jon-Kepa-Zabalab-18x10.jpg 18w, https:\/\/jkztransportes.com\/wp-content\/uploads\/2024\/03\/IMG-20210301-WA0003-Jon-Kepa-Zabalab.jpg 1536w\" sizes=\"(max-width: 800px) 100vw, 800px\" \/>\t\t\t\t\t\t\t\t\t\t\t\t\t\t\t<\/div>\n\t\t\t\t<\/div>\n\t\t\t\t\t<\/div>\n\t\t<\/div>\n\t\t\t\t\t<\/div>\n\t\t<\/section>\n\t\t<div class=\"elementor-element elementor-element-3b8697d e-flex e-con-boxed e-con e-parent\" data-id=\"3b8697d\" data-element_type=\"container\" data-e-type=\"container\" data-settings=\"{&quot;background_background&quot;:&quot;classic&quot;}\">\n\t\t\t\t\t<div class=\"e-con-inner\">\n\t\t\t\t<div class=\"elementor-element elementor-element-a25528c elementor-widget elementor-widget-spacer\" data-id=\"a25528c\" data-element_type=\"widget\" data-e-type=\"widget\" data-widget_type=\"spacer.default\">\n\t\t\t\t<div class=\"elementor-widget-container\">\n\t\t\t\t\t\t\t<div class=\"elementor-spacer\">\n\t\t\t<div class=\"elementor-spacer-inner\"><\/div>\n\t\t<\/div>\n\t\t\t\t\t\t<\/div>\n\t\t\t\t<\/div>\n\t\t\t\t\t<\/div>\n\t\t\t\t<\/div>\n\t\t\t\t<section class=\"elementor-section elementor-top-section elementor-element elementor-element-2983422 elementor-reverse-tablet elementor-reverse-mobile elementor-section-boxed elementor-section-height-default elementor-section-height-default\" data-id=\"2983422\" data-element_type=\"section\" data-e-type=\"section\" data-settings=\"{&quot;background_background&quot;:&quot;classic&quot;}\">\n\t\t\t\t\t\t<div class=\"elementor-container elementor-column-gap-default\">\n\t\t\t\t\t<div class=\"elementor-column elementor-col-50 elementor-top-column elementor-element elementor-element-ccc474d\" data-id=\"ccc474d\" data-element_type=\"column\" data-e-type=\"column\">\n\t\t\t<div class=\"elementor-widget-wrap elementor-element-populated\">\n\t\t\t\t\t\t<div class=\"elementor-element elementor-element-82d5e8c elementor-widget elementor-widget-image\" data-id=\"82d5e8c\" data-element_type=\"widget\" data-e-type=\"widget\" data-widget_type=\"image.default\">\n\t\t\t\t<div class=\"elementor-widget-container\">\n\t\t\t\t\t\t\t\t\t\t\t\t\t\t\t<img decoding=\"async\" width=\"800\" height=\"943\" src=\"https:\/\/jkztransportes.com\/wp-content\/uploads\/2024\/03\/IMG-20210409-WA0006-Jon-Kepa-Zabala-e1709304681492-869x1024.jpg\" class=\"attachment-large size-large wp-image-74\" alt=\"\" srcset=\"https:\/\/jkztransportes.com\/wp-content\/uploads\/2024\/03\/IMG-20210409-WA0006-Jon-Kepa-Zabala-e1709304681492-869x1024.jpg 869w, https:\/\/jkztransportes.com\/wp-content\/uploads\/2024\/03\/IMG-20210409-WA0006-Jon-Kepa-Zabala-e1709304681492-254x300.jpg 254w, https:\/\/jkztransportes.com\/wp-content\/uploads\/2024\/03\/IMG-20210409-WA0006-Jon-Kepa-Zabala-e1709304681492-768x905.jpg 768w, https:\/\/jkztransportes.com\/wp-content\/uploads\/2024\/03\/IMG-20210409-WA0006-Jon-Kepa-Zabala-e1709304681492-10x12.jpg 10w, https:\/\/jkztransportes.com\/wp-content\/uploads\/2024\/03\/IMG-20210409-WA0006-Jon-Kepa-Zabala-e1709304681492.jpg 900w\" sizes=\"(max-width: 800px) 100vw, 800px\" \/>\t\t\t\t\t\t\t\t\t\t\t\t\t\t\t<\/div>\n\t\t\t\t<\/div>\n\t\t\t\t\t<\/div>\n\t\t<\/div>\n\t\t\t\t<div class=\"elementor-column elementor-col-50 elementor-top-column elementor-element elementor-element-a61f8ee\" data-id=\"a61f8ee\" data-element_type=\"column\" data-e-type=\"column\">\n\t\t\t<div class=\"elementor-widget-wrap elementor-element-populated\">\n\t\t\t\t\t\t<div class=\"elementor-element elementor-element-2c42eb4 elementor-invisible elementor-widget elementor-widget-heading\" data-id=\"2c42eb4\" data-element_type=\"widget\" data-e-type=\"widget\" data-settings=\"{&quot;_animation&quot;:&quot;fadeInUp&quot;,&quot;_animation_delay&quot;:200}\" data-widget_type=\"heading.default\">\n\t\t\t\t<div class=\"elementor-widget-container\">\n\t\t\t\t\t<div class=\"elementor-heading-title elementor-size-default\">Por qu\u00e9 elegirnos<\/div>\t\t\t\t<\/div>\n\t\t\t\t<\/div>\n\t\t\t\t<div class=\"elementor-element elementor-element-89e5a00 elementor-invisible elementor-widget elementor-widget-heading\" data-id=\"89e5a00\" data-element_type=\"widget\" data-e-type=\"widget\" data-settings=\"{&quot;_animation&quot;:&quot;fadeInUp&quot;,&quot;_animation_delay&quot;:300}\" data-widget_type=\"heading.default\">\n\t\t\t\t<div class=\"elementor-widget-container\">\n\t\t\t\t\t<h2 class=\"elementor-heading-title elementor-size-default\">La Soluci\u00f3n Perfecta Para Todos los Servicios de Transporte por Carretera<\/h2>\t\t\t\t<\/div>\n\t\t\t\t<\/div>\n\t\t\t\t<div class=\"elementor-element elementor-element-2dc2e11 elementor-invisible elementor-widget elementor-widget-text-editor\" data-id=\"2dc2e11\" data-element_type=\"widget\" data-e-type=\"widget\" data-settings=\"{&quot;_animation&quot;:&quot;fadeInUp&quot;,&quot;_animation_delay&quot;:400}\" data-widget_type=\"text-editor.default\">\n\t\t\t\t<div class=\"elementor-widget-container\">\n\t\t\t\t\t\t\t\t\t<ol>\n<li>\n<p><strong>Excelencia en cada entrega<\/strong>: Nos comprometemos a superar sus expectativas en cada env\u00edo.<\/p>\n<\/li>\n<li>\n<p><strong>Experiencia y conocimiento<\/strong>: Con a\u00f1os de experiencia en la industria, ofrecemos soluciones eficientes y personalizadas.<\/p>\n<\/li>\n<li>\n<p><strong>Flota moderna y tecnolog\u00eda avanzada<\/strong>: Nuestros veh\u00edculos est\u00e1n equipados con tecnolog\u00eda de vanguardia para garantizar la seguridad y eficiencia de sus env\u00edos.<\/p>\n<\/li>\n<li>\n<p><strong>Flexibilidad y adaptabilidad<\/strong>: Nos adaptamos a sus necesidades, ya sea para env\u00edos urgentes o programados.<\/p>\n<\/li>\n<li>\n<p><strong>Servicio al cliente excepcional<\/strong>: Nuestro equipo est\u00e1 siempre disponible para brindar asistencia y resolver cualquier problema.<\/p>\n<\/li>\n<\/ol>\n<p>Conf\u00ede en nosotros para llevar su carga hacia el \u00e9xito mientras usted se enfoca en hacer crecer su negocio.<\/p>\t\t\t\t\t\t\t\t<\/div>\n\t\t\t\t<\/div>\n\t\t\t\t\t<\/div>\n\t\t<\/div>\n\t\t\t\t\t<\/div>\n\t\t<\/section>\n\t\t\t\t<\/div>\n\t\t","protected":false},"excerpt":{"rendered":"<p>Los mejores Servicios de Transportes por Carretera Sobre Nosotros Los mejores transportistas del sector. Transportes Jon Kepa Zabala fue fundada en 1994 para proporcionar servicios a Fagor Estampaci\u00f3n. Durante estos a\u00f1os, hemos trabajado para varias empresas a tiempo completo y en proyectos puntuales. Contamos con una amplia gama de veh\u00edculos que incluyen furgonetas, camiones de [&hellip;]<\/p>\n","protected":false},"author":1,"featured_media":47,"parent":0,"menu_order":0,"comment_status":"closed","ping_status":"closed","template":"elementor_canvas","meta":{"footnotes":""},"class_list":["post-2","page","type-page","status-publish","has-post-thumbnail","hentry"],"yoast_head":"<!-- This site is optimized with the Yoast SEO plugin v27.3 - https:\/\/yoast.com\/product\/yoast-seo-wordpress\/ -->\n<title>Inicio - Transportes Jon Kepa Zabala<\/title>\n<meta name=\"robots\" content=\"index, follow, max-snippet:-1, max-image-preview:large, max-video-preview:-1\" \/>\n<link rel=\"canonical\" href=\"https:\/\/jkztransportes.com\/eus\/\" \/>\n<meta property=\"og:locale\" content=\"en_US\" \/>\n<meta property=\"og:type\" content=\"article\" \/>\n<meta property=\"og:title\" content=\"Inicio - Transportes Jon Kepa Zabala\" \/>\n<meta property=\"og:description\" content=\"Los mejores Servicios de Transportes por Carretera Sobre Nosotros Los mejores transportistas del sector. Transportes Jon Kepa Zabala fue fundada en 1994 para proporcionar servicios a Fagor Estampaci\u00f3n. Durante estos a\u00f1os, hemos trabajado para varias empresas a tiempo completo y en proyectos puntuales. Contamos con una amplia gama de veh\u00edculos que incluyen furgonetas, camiones de [&hellip;]\" \/>\n<meta property=\"og:url\" content=\"https:\/\/jkztransportes.com\/eus\/\" \/>\n<meta property=\"og:site_name\" content=\"Transportes Jon Kepa Zabala\" \/>\n<meta property=\"article:modified_time\" content=\"2024-03-12T08:47:21+00:00\" \/>\n<meta property=\"og:image\" content=\"https:\/\/jkztransportes.com\/wp-content\/uploads\/2024\/03\/Screenshot_20200719-110415_Chrome-Jon-Kepa-Zabala.jpg\" \/>\n\t<meta property=\"og:image:width\" content=\"1069\" \/>\n\t<meta property=\"og:image:height\" content=\"382\" \/>\n\t<meta property=\"og:image:type\" content=\"image\/jpeg\" \/>\n<meta name=\"twitter:card\" content=\"summary_large_image\" \/>\n<meta name=\"twitter:label1\" content=\"Est. reading time\" \/>\n\t<meta name=\"twitter:data1\" content=\"1 minutua\" \/>\n<script type=\"application\/ld+json\" class=\"yoast-schema-graph\">{\"@context\":\"https:\\\/\\\/schema.org\",\"@graph\":[{\"@type\":\"WebPage\",\"@id\":\"https:\\\/\\\/jkztransportes.com\\\/\",\"url\":\"https:\\\/\\\/jkztransportes.com\\\/\",\"name\":\"Inicio - Transportes Jon Kepa Zabala\",\"isPartOf\":{\"@id\":\"https:\\\/\\\/jkztransportes.com\\\/#website\"},\"primaryImageOfPage\":{\"@id\":\"https:\\\/\\\/jkztransportes.com\\\/#primaryimage\"},\"image\":{\"@id\":\"https:\\\/\\\/jkztransportes.com\\\/#primaryimage\"},\"thumbnailUrl\":\"https:\\\/\\\/jkztransportes.com\\\/wp-content\\\/uploads\\\/2024\\\/03\\\/Screenshot_20200719-110415_Chrome-Jon-Kepa-Zabala.jpg\",\"datePublished\":\"2024-03-01T10:22:41+00:00\",\"dateModified\":\"2024-03-12T08:47:21+00:00\",\"breadcrumb\":{\"@id\":\"https:\\\/\\\/jkztransportes.com\\\/#breadcrumb\"},\"inLanguage\":\"eu\",\"potentialAction\":[{\"@type\":\"ReadAction\",\"target\":[\"https:\\\/\\\/jkztransportes.com\\\/\"]}]},{\"@type\":\"ImageObject\",\"inLanguage\":\"eu\",\"@id\":\"https:\\\/\\\/jkztransportes.com\\\/#primaryimage\",\"url\":\"https:\\\/\\\/jkztransportes.com\\\/wp-content\\\/uploads\\\/2024\\\/03\\\/Screenshot_20200719-110415_Chrome-Jon-Kepa-Zabala.jpg\",\"contentUrl\":\"https:\\\/\\\/jkztransportes.com\\\/wp-content\\\/uploads\\\/2024\\\/03\\\/Screenshot_20200719-110415_Chrome-Jon-Kepa-Zabala.jpg\",\"width\":1069,\"height\":382},{\"@type\":\"BreadcrumbList\",\"@id\":\"https:\\\/\\\/jkztransportes.com\\\/#breadcrumb\",\"itemListElement\":[{\"@type\":\"ListItem\",\"position\":1,\"name\":\"Portada\",\"item\":\"https:\\\/\\\/jkztransportes.com\\\/\"},{\"@type\":\"ListItem\",\"position\":2,\"name\":\"Inicio\"}]},{\"@type\":\"WebSite\",\"@id\":\"https:\\\/\\\/jkztransportes.com\\\/#website\",\"url\":\"https:\\\/\\\/jkztransportes.com\\\/\",\"name\":\"Transportes Jon Kepa Zabala\",\"description\":\"\",\"publisher\":{\"@id\":\"https:\\\/\\\/jkztransportes.com\\\/#organization\"},\"potentialAction\":[{\"@type\":\"SearchAction\",\"target\":{\"@type\":\"EntryPoint\",\"urlTemplate\":\"https:\\\/\\\/jkztransportes.com\\\/?s={search_term_string}\"},\"query-input\":{\"@type\":\"PropertyValueSpecification\",\"valueRequired\":true,\"valueName\":\"search_term_string\"}}],\"inLanguage\":\"eu\"},{\"@type\":\"Organization\",\"@id\":\"https:\\\/\\\/jkztransportes.com\\\/#organization\",\"name\":\"Transportes Jon Kepa Zabala\",\"url\":\"https:\\\/\\\/jkztransportes.com\\\/\",\"logo\":{\"@type\":\"ImageObject\",\"inLanguage\":\"eu\",\"@id\":\"https:\\\/\\\/jkztransportes.com\\\/#\\\/schema\\\/logo\\\/image\\\/\",\"url\":\"https:\\\/\\\/jkztransportes.com\\\/wp-content\\\/uploads\\\/2024\\\/03\\\/cropped-Screenshot_20200719-110415_Chrome-Jon-Kepa-Zabala.jpg\",\"contentUrl\":\"https:\\\/\\\/jkztransportes.com\\\/wp-content\\\/uploads\\\/2024\\\/03\\\/cropped-Screenshot_20200719-110415_Chrome-Jon-Kepa-Zabala.jpg\",\"width\":1069,\"height\":311,\"caption\":\"Transportes Jon Kepa Zabala\"},\"image\":{\"@id\":\"https:\\\/\\\/jkztransportes.com\\\/#\\\/schema\\\/logo\\\/image\\\/\"}}]}<\/script>\n<!-- \/ Yoast SEO plugin. -->","yoast_head_json":{"title":"Inicio - Transportes Jon Kepa Zabala","robots":{"index":"index","follow":"follow","max-snippet":"max-snippet:-1","max-image-preview":"max-image-preview:large","max-video-preview":"max-video-preview:-1"},"canonical":"https:\/\/jkztransportes.com\/eus\/","og_locale":"en_US","og_type":"article","og_title":"Inicio - Transportes Jon Kepa Zabala","og_description":"Los mejores Servicios de Transportes por Carretera Sobre Nosotros Los mejores transportistas del sector. Transportes Jon Kepa Zabala fue fundada en 1994 para proporcionar servicios a Fagor Estampaci\u00f3n. Durante estos a\u00f1os, hemos trabajado para varias empresas a tiempo completo y en proyectos puntuales. Contamos con una amplia gama de veh\u00edculos que incluyen furgonetas, camiones de [&hellip;]","og_url":"https:\/\/jkztransportes.com\/eus\/","og_site_name":"Transportes Jon Kepa Zabala","article_modified_time":"2024-03-12T08:47:21+00:00","og_image":[{"width":1069,"height":382,"url":"https:\/\/jkztransportes.com\/wp-content\/uploads\/2024\/03\/Screenshot_20200719-110415_Chrome-Jon-Kepa-Zabala.jpg","type":"image\/jpeg"}],"twitter_card":"summary_large_image","twitter_misc":{"Est. reading time":"1 minutua"},"schema":{"@context":"https:\/\/schema.org","@graph":[{"@type":"WebPage","@id":"https:\/\/jkztransportes.com\/","url":"https:\/\/jkztransportes.com\/","name":"Inicio - Transportes Jon Kepa Zabala","isPartOf":{"@id":"https:\/\/jkztransportes.com\/#website"},"primaryImageOfPage":{"@id":"https:\/\/jkztransportes.com\/#primaryimage"},"image":{"@id":"https:\/\/jkztransportes.com\/#primaryimage"},"thumbnailUrl":"https:\/\/jkztransportes.com\/wp-content\/uploads\/2024\/03\/Screenshot_20200719-110415_Chrome-Jon-Kepa-Zabala.jpg","datePublished":"2024-03-01T10:22:41+00:00","dateModified":"2024-03-12T08:47:21+00:00","breadcrumb":{"@id":"https:\/\/jkztransportes.com\/#breadcrumb"},"inLanguage":"eu","potentialAction":[{"@type":"ReadAction","target":["https:\/\/jkztransportes.com\/"]}]},{"@type":"ImageObject","inLanguage":"eu","@id":"https:\/\/jkztransportes.com\/#primaryimage","url":"https:\/\/jkztransportes.com\/wp-content\/uploads\/2024\/03\/Screenshot_20200719-110415_Chrome-Jon-Kepa-Zabala.jpg","contentUrl":"https:\/\/jkztransportes.com\/wp-content\/uploads\/2024\/03\/Screenshot_20200719-110415_Chrome-Jon-Kepa-Zabala.jpg","width":1069,"height":382},{"@type":"BreadcrumbList","@id":"https:\/\/jkztransportes.com\/#breadcrumb","itemListElement":[{"@type":"ListItem","position":1,"name":"Portada","item":"https:\/\/jkztransportes.com\/"},{"@type":"ListItem","position":2,"name":"Inicio"}]},{"@type":"WebSite","@id":"https:\/\/jkztransportes.com\/#website","url":"https:\/\/jkztransportes.com\/","name":"Transportes Jon Kepa Zabala","description":"","publisher":{"@id":"https:\/\/jkztransportes.com\/#organization"},"potentialAction":[{"@type":"SearchAction","target":{"@type":"EntryPoint","urlTemplate":"https:\/\/jkztransportes.com\/?s={search_term_string}"},"query-input":{"@type":"PropertyValueSpecification","valueRequired":true,"valueName":"search_term_string"}}],"inLanguage":"eu"},{"@type":"Organization","@id":"https:\/\/jkztransportes.com\/#organization","name":"Transportes Jon Kepa Zabala","url":"https:\/\/jkztransportes.com\/","logo":{"@type":"ImageObject","inLanguage":"eu","@id":"https:\/\/jkztransportes.com\/#\/schema\/logo\/image\/","url":"https:\/\/jkztransportes.com\/wp-content\/uploads\/2024\/03\/cropped-Screenshot_20200719-110415_Chrome-Jon-Kepa-Zabala.jpg","contentUrl":"https:\/\/jkztransportes.com\/wp-content\/uploads\/2024\/03\/cropped-Screenshot_20200719-110415_Chrome-Jon-Kepa-Zabala.jpg","width":1069,"height":311,"caption":"Transportes Jon Kepa Zabala"},"image":{"@id":"https:\/\/jkztransportes.com\/#\/schema\/logo\/image\/"}}]}},"_links":{"self":[{"href":"https:\/\/jkztransportes.com\/eus\/wp-json\/wp\/v2\/pages\/2","targetHints":{"allow":["GET"]}}],"collection":[{"href":"https:\/\/jkztransportes.com\/eus\/wp-json\/wp\/v2\/pages"}],"about":[{"href":"https:\/\/jkztransportes.com\/eus\/wp-json\/wp\/v2\/types\/page"}],"author":[{"embeddable":true,"href":"https:\/\/jkztransportes.com\/eus\/wp-json\/wp\/v2\/users\/1"}],"replies":[{"embeddable":true,"href":"https:\/\/jkztransportes.com\/eus\/wp-json\/wp\/v2\/comments?post=2"}],"version-history":[{"count":19,"href":"https:\/\/jkztransportes.com\/eus\/wp-json\/wp\/v2\/pages\/2\/revisions"}],"predecessor-version":[{"id":169,"href":"https:\/\/jkztransportes.com\/eus\/wp-json\/wp\/v2\/pages\/2\/revisions\/169"}],"wp:featuredmedia":[{"embeddable":true,"href":"https:\/\/jkztransportes.com\/eus\/wp-json\/wp\/v2\/media\/47"}],"wp:attachment":[{"href":"https:\/\/jkztransportes.com\/eus\/wp-json\/wp\/v2\/media?parent=2"}],"curies":[{"name":"wp","href":"https:\/\/api.w.org\/{rel}","templated":true}]}}